{"id":5944,"date":"2025-02-09T20:08:48","date_gmt":"2025-02-09T18:08:48","guid":{"rendered":"https:\/\/lostinlapland.fi\/for-owners-of-holiday-homes\/"},"modified":"2025-02-09T20:12:24","modified_gmt":"2025-02-09T18:12:24","slug":"for-owners-of-holiday-homes","status":"publish","type":"page","link":"https:\/\/lostinlapland.fi\/en\/for-owners-of-holiday-homes\/","title":{"rendered":"For owners of holiday homes"},"content":{"rendered":"<section class=\"wpb-content-wrapper\"><p>[vc_row css_animation=&#8221;&#8221; row_type=&#8221;row&#8221; use_row_as_full_screen_section=&#8221;no&#8221; type=&#8221;full_width&#8221; angled_section=&#8221;no&#8221; text_align=&#8221;left&#8221; background_image_as_pattern=&#8221;without_pattern&#8221;][vc_column css=&#8221;.vc_custom_1584324458310{margin-top: -26px !important;}&#8221;]\t\t\t<script src=\"\/\/lostinlapland.fi\/wp-content\/plugins\/revslider\/public\/assets\/js\/rbtools.min.js?rev=6.6.5\"><\/script>\n\t\t\t<script src=\"\/\/lostinlapland.fi\/wp-content\/plugins\/revslider\/public\/assets\/js\/rs6.min.js?rev=6.6.5\"><\/script>\n\n\t\t\t<!-- START Hyv\u00e4 tiet\u00e4\u00e4 REVOLUTION SLIDER 6.6.5 --><p class=\"rs-p-wp-fix\"><\/p>\n\t\t\t<rs-module-wrap id=\"rev_slider_3_1_wrapper\" data-source=\"gallery\" style=\"visibility:hidden;background:transparent;padding:0;margin:0px auto;margin-top:0;margin-bottom:0;\">\n\t\t\t\t<rs-module id=\"rev_slider_3_1\" style=\"\" data-version=\"6.6.5\">\n\t\t\t\t\t<rs-slides style=\"overflow: hidden; position: absolute;\">\n\t\t\t\t\t\t<rs-slide style=\"position: absolute;\" data-key=\"rs-34\" data-title=\"Slide\" data-anim=\"ms:1000;r:0;\" data-in=\"o:0;\" data-out=\"a:false;\">\n\t\t\t\t\t\t\t<img src=\"\/\/lostinlapland.fi\/wp-content\/plugins\/revslider\/public\/assets\/assets\/dummy.png\" alt=\"Et\u00e4ty\u00f6 Lapissa\" title=\"Et\u00e4ty\u00f6 Lapissa\" width=\"2560\" height=\"1707\" class=\"rev-slidebg tp-rs-img rs-lazyload\" data-lazyload=\"\/\/lostinlapland.fi\/wp-content\/uploads\/2021\/05\/shutterstock_1160289493-scaled.jpg\" data-parallax=\"off\" data-no-retina>\n<!---->\t\t\t\t\t\t<\/rs-slide>\n\t\t\t\t\t<\/rs-slides>\n\t\t\t\t<\/rs-module>\n\t\t\t\t<script>\n\t\t\t\t\tsetREVStartSize({c: 'rev_slider_3_1',rl:[1240,1024,778,480],el:[320],gw:[1240],gh:[320],type:'hero',justify:'',layout:'fullwidth',mh:\"0\"});if (window.RS_MODULES!==undefined && window.RS_MODULES.modules!==undefined && window.RS_MODULES.modules[\"revslider31\"]!==undefined) {window.RS_MODULES.modules[\"revslider31\"].once = false;window.revapi3 = undefined;if (window.RS_MODULES.checkMinimal!==undefined) window.RS_MODULES.checkMinimal()}\n\t\t\t\t<\/script>\n\t\t\t<\/rs-module-wrap>\n\t\t\t<!-- END REVOLUTION SLIDER -->\n[\/vc_column][\/vc_row][vc_row css_animation=&#8221;&#8221; row_type=&#8221;row&#8221; use_row_as_full_screen_section=&#8221;no&#8221; type=&#8221;full_width&#8221; angled_section=&#8221;no&#8221; text_align=&#8221;left&#8221; background_image_as_pattern=&#8221;without_pattern&#8221; css=&#8221;.vc_custom_1612835665858{padding-top: 3% !important;}&#8221; z_index=&#8221;&#8221;][vc_column width=&#8221;2\/3&#8243; offset=&#8221;vc_col-lg-offset-2&#8243;][vc_column_text]<\/p>\n<h1>For owners of holiday homes<\/h1>\n<p>[\/vc_column_text][vc_empty_space height=&#8221;20px&#8221;][vc_column_text]<\/p>\n<h3>We are a professional Finnish family-owned business since 2008, and we are looking for new holiday homes to add to our rental portfolio in Northern Finland and Lapland.<\/h3>\n<p>Joining us is completely free: <strong>No internet, membership, annual, or marketing fees.<\/strong> We operate on a commission-based model, meaning you only incur costs (cleaning, maintenance) when we secure a booking for your holiday home. We value our partners and strive to provide you with the best possible service.[\/vc_column_text][vc_empty_space height=&#8221;15px&#8221;][\/vc_column][\/vc_row][vc_row css_animation=&#8221;&#8221; row_type=&#8221;row&#8221; use_row_as_full_screen_section=&#8221;no&#8221; type=&#8221;full_width&#8221; angled_section=&#8221;no&#8221; text_align=&#8221;left&#8221; background_image_as_pattern=&#8221;without_pattern&#8221; css=&#8221;.vc_custom_1612835689739{padding-top: 1% !important;padding-bottom: 4% !important;}&#8221; z_index=&#8221;&#8221;][vc_column width=&#8221;2\/3&#8243; offset=&#8221;vc_col-lg-offset-2&#8243;][vc_column_text]<\/p>\n<h2>Owner Portal<\/h2>\n<p>Holiday home owners have access to a free Owner Portal where they can check their property&#8217;s booking status. The portal allows owners to make and cancel their own reservations at any time, 24\/7. Additionally, it provides booking reports (daily, weekly, monthly, yearly) and occupancy rates.<\/p>\n<p>The Owner Portal is completely free to use. You will receive a personal login and password from Lost in Lapland. Maintenance staff and cleaners can also view booking details through their own portal access.<\/p>\n<p>Log in to the Owner Portal <a href=\"https:\/\/varaamo2.matkaverkko.fi\/portal\/#!\/kirjautuminen\/lostinlapland\" target=\"_blank\" rel=\"noopener noreferrer\">here<\/a>.<\/p>\n<h2>Marketing<\/h2>\n<p>We promote your holiday home for free through our newsletters, Google Ads, social media, and website.<\/p>\n<h2>Maintenance service<\/h2>\n<p>We can offer a maintenance agreement for your holiday home, or you can choose to handle maintenance yourself.<\/p>\n<h2>Partnership<\/h2>\n<p>Together, we can plan the best possible strategy to market your holiday home to Lost in Lapland\u2019s domestic and international customers.<\/p>\n<p><strong>Lost in Lapland offers you free marketing, excellent service, and more bookings.<\/strong> If you own a holiday home in Lapland and are looking for a reliable rental partner\u2014whether year-round or just for vacant holiday weeks\u2014please contact us via email or the form below.<\/p>\n<p>Getting in touch does not obligate you in any way. We will provide you with a proposal on how to proceed and start working together. All information you share will be handled with the utmost confidentiality. We look forward to hearing from you!<\/p>\n<p>Please, <a href=\"https:\/\/lostinlapland.fi\/en\/contact-info\/\">contact us<\/a> and provide the basic details about your holiday home, thank you![\/vc_column_text][\/vc_column][\/vc_row]<\/p>\n<\/section>","protected":false},"excerpt":{"rendered":"<p>[vc_row css_animation=&#8221;&#8221; row_type=&#8221;row&#8221; use_row_as_full_screen_section=&#8221;no&#8221; type=&#8221;full_width&#8221; angled_section=&#8221;no&#8221; text_align=&#8221;left&#8221; background_image_as_pattern=&#8221;without_pattern&#8221;][vc_column css=&#8221;.vc_custom_1584324458310{margin-top: -26px !important;}&#8221;][\/vc_column][\/vc_row][vc_row css_animation=&#8221;&#8221; row_type=&#8221;row&#8221; use_row_as_full_screen_section=&#8221;no&#8221; type=&#8221;full_width&#8221; angled_section=&#8221;no&#8221; text_align=&#8221;left&#8221; background_image_as_pattern=&#8221;without_pattern&#8221; css=&#8221;.vc_custom_1612835665858{padding-top: 3% !important;}&#8221; z_index=&#8221;&#8221;][vc_column width=&#8221;2\/3&#8243; offset=&#8221;vc_col-lg-offset-2&#8243;][vc_column_text] For owners of holiday homes [\/vc_column_text][vc_empty_space height=&#8221;20px&#8221;][vc_column_text] We are a professional Finnish family-owned business since 2008, and we are looking for&#8230;<\/p>\n","protected":false},"author":9,"featured_media":0,"parent":0,"menu_order":0,"comment_status":"closed","ping_status":"closed","template":"","meta":{"_monsterinsights_skip_tracking":false,"_monsterinsights_sitenote_active":false,"_monsterinsights_sitenote_note":"","_monsterinsights_sitenote_category":0},"aioseo_notices":[],"_links":{"self":[{"href":"https:\/\/lostinlapland.fi\/en\/wp-json\/wp\/v2\/pages\/5944"}],"collection":[{"href":"https:\/\/lostinlapland.fi\/en\/wp-json\/wp\/v2\/pages"}],"about":[{"href":"https:\/\/lostinlapland.fi\/en\/wp-json\/wp\/v2\/types\/page"}],"author":[{"embeddable":true,"href":"https:\/\/lostinlapland.fi\/en\/wp-json\/wp\/v2\/users\/9"}],"replies":[{"embeddable":true,"href":"https:\/\/lostinlapland.fi\/en\/wp-json\/wp\/v2\/comments?post=5944"}],"version-history":[{"count":11,"href":"https:\/\/lostinlapland.fi\/en\/wp-json\/wp\/v2\/pages\/5944\/revisions"}],"predecessor-version":[{"id":5955,"href":"https:\/\/lostinlapland.fi\/en\/wp-json\/wp\/v2\/pages\/5944\/revisions\/5955"}],"wp:attachment":[{"href":"https:\/\/lostinlapland.fi\/en\/wp-json\/wp\/v2\/media?parent=5944"}],"curies":[{"name":"wp","href":"https:\/\/api.w.org\/{rel}","templated":true}]}}