{"id":5938,"date":"2025-02-09T13:15:46","date_gmt":"2025-02-09T11:15:46","guid":{"rendered":"https:\/\/lostinlapland.fi\/yllas-cabins\/"},"modified":"2025-02-09T13:37:48","modified_gmt":"2025-02-09T11:37:48","slug":"yllas-cabins","status":"publish","type":"page","link":"https:\/\/lostinlapland.fi\/en\/yllas-cabins\/","title":{"rendered":"Yll\u00e4s Cabins"},"content":{"rendered":"<section class=\"wpb-content-wrapper\"><p>[vc_row css_animation=&#8221;&#8221; row_type=&#8221;row&#8221; use_row_as_full_screen_section=&#8221;no&#8221; type=&#8221;full_width&#8221; angled_section=&#8221;no&#8221; text_align=&#8221;left&#8221; background_image_as_pattern=&#8221;without_pattern&#8221;][vc_column css=&#8221;.vc_custom_1584323619838{margin-top: -26px !important;margin-bottom: -158px !important;}&#8221;]\n\t\t\t<!-- START Kopara vieo REVOLUTION SLIDER 6.6.5 --><p class=\"rs-p-wp-fix\"><\/p>\n\t\t\t<rs-module-wrap id=\"rev_slider_22_1_wrapper\" data-source=\"gallery\" style=\"visibility:hidden;background:transparent;padding:0;margin:0px auto;margin-top:0;margin-bottom:0;\">\n\t\t\t\t<rs-module id=\"rev_slider_22_1\" style=\"\" data-version=\"6.6.5\">\n\t\t\t\t\t<rs-slides style=\"overflow: hidden; position: absolute;\">\n\t\t\t\t\t\t<rs-slide style=\"position: absolute;\" data-key=\"rs-55\" data-title=\"Slide\" data-anim=\"ms:1000;r:0;\" data-in=\"o:0;\" data-out=\"a:false;\">\n\t\t\t\t\t\t\t<img src=\"\/\/lostinlapland.fi\/wp-content\/plugins\/revslider\/public\/assets\/assets\/dummy.png\" alt=\"\" title=\"Yll\u00e4s Cabins\" class=\"rev-slidebg tp-rs-img rs-lazyload\" data-lazyload=\"\/\/lostinlapland.fi\/wp-content\/plugins\/revslider\/public\/assets\/assets\/transparent.png\" data-no-retina>\n\t\t\t\t\t\t\t<rs-bgvideo \n\t\t\t\t\t\t\t\tdata-video=\"w:100%;h:100%;nse:false;l:true;ptimer:false;vfc:true;\"\n\t\t\t\t\t\t\t\tdata-mp4=\"\/\/lostinlapland.fi\/wp-content\/uploads\/2021\/03\/Kopara2.mov\"\n\t\t\t\t\t\t\t><\/rs-bgvideo>\n<!---->\t\t\t\t\t\t<\/rs-slide>\n\t\t\t\t\t<\/rs-slides>\n\t\t\t\t<\/rs-module>\n\t\t\t\t<script>\n\t\t\t\t\tsetREVStartSize({c: 'rev_slider_22_1',rl:[1240,1024,778,480],el:[420],gw:[1240],gh:[420],type:'hero',justify:'',layout:'fullwidth',mh:\"0\"});if (window.RS_MODULES!==undefined && window.RS_MODULES.modules!==undefined && window.RS_MODULES.modules[\"revslider221\"]!==undefined) {window.RS_MODULES.modules[\"revslider221\"].once = false;window.revapi22 = undefined;if (window.RS_MODULES.checkMinimal!==undefined) window.RS_MODULES.checkMinimal()}\n\t\t\t\t<\/script>\n\t\t\t<\/rs-module-wrap>\n\t\t\t<!-- END REVOLUTION SLIDER -->\n[\/vc_column][\/vc_row][vc_row css_animation=&#8221;&#8221; row_type=&#8221;row&#8221; use_row_as_full_screen_section=&#8221;no&#8221; type=&#8221;grid&#8221; angled_section=&#8221;no&#8221; text_align=&#8221;left&#8221; background_image_as_pattern=&#8221;without_pattern&#8221; css=&#8221;.vc_custom_1614945296035{margin-right: 0px !important;margin-left: 0px !important;border-right-width: 0px !important;border-left-width: 0px !important;padding-right: 0px !important;padding-left: 0px !important;background-color: #d1d1d1 !important;}&#8221; z_index=&#8221;&#8221; background_color=&#8221;#d1d1d1&#8243; border_color=&#8221;#d1d1d1&#8243;][vc_column css=&#8221;.vc_custom_1605495169706{padding-bottom: 5% !important;}&#8221;][vc_empty_space height=&#8221;200&#8243;][vc_column_text css=&#8221;.vc_custom_1616501160468{padding-right: 150px !important;padding-left: 150px !important;background-color: #d1d1d1 !important;}&#8221;]<\/p>\n<h1 style=\"text-align: center;\">Yll\u00e4s<\/h1>\n<h4 style=\"text-align: center;\">Yll\u00e4s offers a true fell experience! Come and enjoy the breathtaking landscapes and outdoor activities of Pallas-Yll\u00e4stunturi National Park. Yll\u00e4s boasts Finland\u2019s largest network of cross-country ski trails and slopes for every preference! We offer a variety of cabin accommodations, from \u00c4k\u00e4slompolo to Yll\u00e4sj\u00e4rvi.<\/h4>\n<p>[\/vc_column_text][\/vc_column][\/vc_row][vc_row css_animation=&#8221;&#8221; row_type=&#8221;row&#8221; use_row_as_full_screen_section=&#8221;no&#8221; type=&#8221;full_width&#8221; angled_section=&#8221;no&#8221; text_align=&#8221;left&#8221; background_image_as_pattern=&#8221;without_pattern&#8221; css=&#8221;.vc_custom_1616680854403{padding-right: 40px !important;padding-left: 150px !important;background-color: #d1d1d1 !important;}&#8221; z_index=&#8221;10&#8243; background_color=&#8221;#d1d1d1&#8243; border_color=&#8221;#d1d1d1&#8243;][vc_column]<winres-departures-search  mode=\"horizontal\"  on-update=\"this.searchCriteria = searchCriteria\"  destination-codes=\"HU\"  passenger-counts=\"popup\"  limit=\"500\"  show-btn-bar=\"false\"  show-full-departures=\"true\"  date-openers=\"box\"  passengers-in-text=\"true\"  default-start-date=\"+3\"  default-end-date=\"+3\"  allow-change-end-date=\"true\"  hide-end-date-when-specified-single-type=\"AK\"  auto-select-end-date=\"+3\"  search-on-init=\"true\"  show-region-picker=\"false\"  template-url=\"custom\/template\/winresDeparturesSearchHorizontal.html\"    ><\/winres-departures-search>[vc_empty_space][\/vc_column][\/vc_row][vc_row css_animation=&#8221;&#8221; row_type=&#8221;row&#8221; use_row_as_full_screen_section=&#8221;no&#8221; type=&#8221;grid&#8221; angled_section=&#8221;no&#8221; text_align=&#8221;center&#8221; background_image_as_pattern=&#8221;without_pattern&#8221; css=&#8221;.vc_custom_1616680861524{margin-right: 80px !important;margin-left: 80px !important;border-right-width: 0px !important;border-left-width: 0px !important;padding-right: 0px !important;padding-left: 0px !important;}&#8221; z_index=&#8221;5&#8243;][vc_column][vc_empty_space height=&#8221;50px&#8221;][vc_column_text css=&#8221;.vc_custom_1616501539092{padding-right: 80px !important;padding-left: 80px !important;}&#8221;]<\/p>\n<h2 style=\"text-align: center;\">Yll\u00e4s Kopara<\/h2>\n<p style=\"text-align: center;\">Kopara log cabins are located in Nilivaara, close to all services. The premises feature a ski maintenance room for residents, and each cabin has a parking space with an electric outlet. The ski trails are just a few steps away!<\/p>\n<p>[\/vc_column_text][vc_empty_space height=&#8221;20px&#8221;]<winres-destinations-filter  search-criteria=\"searchCriteria\"  description-source=\"headline\"  remove-filters-by-int-clas=\"AK\"  ignore-capacity=\"true\"  ignore-missing-prices=\"true\"  reservation-link-template=\"kohde\"  hide-filter-sidebar=\"true\"  hide-results-header=\"true\"  filter-visibility=\"starRating: false\"  fast-cabin-search=\"true\"  internet-classifications2=\"YK1,YK2,\"  sort-options=\"default,priceLH,priceHL\"  template-url=\"\"    ><\/winres-destinations-filter>[\/vc_column][\/vc_row][vc_row css_animation=&#8221;&#8221; row_type=&#8221;row&#8221; use_row_as_full_screen_section=&#8221;no&#8221; type=&#8221;grid&#8221; angled_section=&#8221;no&#8221; text_align=&#8221;center&#8221; background_image_as_pattern=&#8221;without_pattern&#8221; css=&#8221;.vc_custom_1615910099514{margin-right: 80px !important;margin-left: 80px !important;border-right-width: 0px !important;border-left-width: 0px !important;padding-right: 0px !important;padding-left: 0px !important;}&#8221; z_index=&#8221;&#8221;][vc_column][vc_empty_space height=&#8221;50px&#8221;][vc_column_text]<\/p>\n<h2 style=\"text-align: center;\">Other Cabins in \u00c4k\u00e4slompolo<\/h2>\n<p style=\"text-align: center;\">Here are some of our other great accommodation options for your holiday in \u00c4k\u00e4slompolo!<\/p>\n<p>[\/vc_column_text][vc_empty_space height=&#8221;20px&#8221;]<winres-destinations-filter  search-criteria=\"searchCriteria\"  description-source=\"headline\"  remove-filters-by-int-clas=\"AK\"  ignore-capacity=\"true\"  ignore-missing-prices=\"true\"  reservation-link-template=\"kohde\"  hide-filter-sidebar=\"true\"  hide-results-header=\"true\"  filter-visibility=\"starRating: false\"  fast-cabin-search=\"true\"  internet-classifications2=\"YKS\"  sort-options=\"default,priceLH,priceHL\"  template-url=\"\"    ><\/winres-destinations-filter>[\/vc_column][\/vc_row][vc_row css_animation=&#8221;&#8221; row_type=&#8221;row&#8221; use_row_as_full_screen_section=&#8221;no&#8221; type=&#8221;grid&#8221; angled_section=&#8221;no&#8221; text_align=&#8221;center&#8221; background_image_as_pattern=&#8221;without_pattern&#8221; css=&#8221;.vc_custom_1615910099514{margin-right: 80px !important;margin-left: 80px !important;border-right-width: 0px !important;border-left-width: 0px !important;padding-right: 0px !important;padding-left: 0px !important;}&#8221; z_index=&#8221;&#8221;][vc_column][vc_empty_space height=&#8221;50px&#8221;][vc_column_text]<\/p>\n<h2 style=\"text-align: center;\">Yll\u00e4sj\u00e4rvi<\/h2>\n<p style=\"text-align: center;\">On the Yll\u00e4sj\u00e4rvi side, we offer accommodations right next to the Gondola lift as well as more private options.<\/p>\n<p>[\/vc_column_text][vc_empty_space height=&#8221;20px&#8221;]<winres-destinations-filter  search-criteria=\"searchCriteria\"  description-source=\"headline\"  remove-filters-by-int-clas=\"AK\"  ignore-capacity=\"true\"  ignore-missing-prices=\"true\"  reservation-link-template=\"kohde\"  hide-filter-sidebar=\"true\"  hide-results-header=\"true\"  filter-visibility=\"starRating: false\"  fast-cabin-search=\"true\"  internet-classifications2=\"YJA\"  sort-options=\"default,priceLH,priceHL\"  template-url=\"\"    ><\/winres-destinations-filter>[\/vc_column][\/vc_row][vc_row css_animation=&#8221;&#8221; row_type=&#8221;row&#8221; use_row_as_full_screen_section=&#8221;no&#8221; type=&#8221;full_width&#8221; angled_section=&#8221;no&#8221; text_align=&#8221;left&#8221; background_image_as_pattern=&#8221;without_pattern&#8221;][vc_column][vc_empty_space][\/vc_column][\/vc_row]<\/p>\n<\/section>","protected":false},"excerpt":{"rendered":"<p>[vc_row css_animation=&#8221;&#8221; row_type=&#8221;row&#8221; use_row_as_full_screen_section=&#8221;no&#8221; type=&#8221;full_width&#8221; angled_section=&#8221;no&#8221; text_align=&#8221;left&#8221; background_image_as_pattern=&#8221;without_pattern&#8221;][vc_column css=&#8221;.vc_custom_1584323619838{margin-top: -26px !important;margin-bottom: -158px !important;}&#8221;][\/vc_column][\/vc_row][vc_row css_animation=&#8221;&#8221; row_type=&#8221;row&#8221; use_row_as_full_screen_section=&#8221;no&#8221; type=&#8221;grid&#8221; angled_section=&#8221;no&#8221; text_align=&#8221;left&#8221; background_image_as_pattern=&#8221;without_pattern&#8221; css=&#8221;.vc_custom_1614945296035{margin-right: 0px !important;margin-left: 0px !important;border-right-width: 0px !important;border-left-width: 0px !important;padding-right: 0px !important;padding-left: 0px !important;background-color: #d1d1d1 !important;}&#8221; z_index=&#8221;&#8221; background_color=&#8221;#d1d1d1&#8243; border_color=&#8221;#d1d1d1&#8243;][vc_column css=&#8221;.vc_custom_1605495169706{padding-bottom: 5% !important;}&#8221;][vc_empty_space height=&#8221;200&#8243;][vc_column_text css=&#8221;.vc_custom_1616501160468{padding-right: 150px !important;padding-left:&#8230;<\/p>\n","protected":false},"author":15,"featured_media":0,"parent":0,"menu_order":0,"comment_status":"closed","ping_status":"closed","template":"full_width.php","meta":{"_monsterinsights_skip_tracking":false,"_monsterinsights_sitenote_active":false,"_monsterinsights_sitenote_note":"","_monsterinsights_sitenote_category":0},"aioseo_notices":[],"_links":{"self":[{"href":"https:\/\/lostinlapland.fi\/en\/wp-json\/wp\/v2\/pages\/5938"}],"collection":[{"href":"https:\/\/lostinlapland.fi\/en\/wp-json\/wp\/v2\/pages"}],"about":[{"href":"https:\/\/lostinlapland.fi\/en\/wp-json\/wp\/v2\/types\/page"}],"author":[{"embeddable":true,"href":"https:\/\/lostinlapland.fi\/en\/wp-json\/wp\/v2\/users\/15"}],"replies":[{"embeddable":true,"href":"https:\/\/lostinlapland.fi\/en\/wp-json\/wp\/v2\/comments?post=5938"}],"version-history":[{"count":5,"href":"https:\/\/lostinlapland.fi\/en\/wp-json\/wp\/v2\/pages\/5938\/revisions"}],"predecessor-version":[{"id":5943,"href":"https:\/\/lostinlapland.fi\/en\/wp-json\/wp\/v2\/pages\/5938\/revisions\/5943"}],"wp:attachment":[{"href":"https:\/\/lostinlapland.fi\/en\/wp-json\/wp\/v2\/media?parent=5938"}],"curies":[{"name":"wp","href":"https:\/\/api.w.org\/{rel}","templated":true}]}}