{"id":5926,"date":"2025-02-09T11:56:31","date_gmt":"2025-02-09T09:56:31","guid":{"rendered":"https:\/\/lostinlapland.fi\/yllas-apartments-2\/"},"modified":"2025-08-03T14:02:09","modified_gmt":"2025-08-03T11:02:09","slug":"yllas-apartments-2","status":"publish","type":"page","link":"https:\/\/lostinlapland.fi\/en\/yllas-apartments-2\/","title":{"rendered":"Aparthotel Yll\u00e4Star"},"content":{"rendered":"<section class=\"wpb-content-wrapper\"><p>[vc_row css_animation=&#8221;&#8221; row_type=&#8221;row&#8221; use_row_as_full_screen_section=&#8221;no&#8221; type=&#8221;full_width&#8221; angled_section=&#8221;no&#8221; text_align=&#8221;left&#8221; background_image_as_pattern=&#8221;without_pattern&#8221;][vc_column css=&#8221;.vc_custom_1584323619838{margin-top: -26px !important;margin-bottom: -158px !important;}&#8221;]\t\t\t<script src=\"\/\/lostinlapland.fi\/wp-content\/plugins\/revslider\/public\/assets\/js\/rbtools.min.js?rev=6.6.5\"><\/script>\n\t\t\t<script src=\"\/\/lostinlapland.fi\/wp-content\/plugins\/revslider\/public\/assets\/js\/rs6.min.js?rev=6.6.5\"><\/script>\n\n\t\t\t<!-- START Yll\u00e4s kuva REVOLUTION SLIDER 6.6.5 --><p class=\"rs-p-wp-fix\"><\/p>\n\t\t\t<rs-module-wrap id=\"rev_slider_20_1_wrapper\" data-source=\"gallery\" style=\"visibility:hidden;background:transparent;padding:0;margin:0px auto;margin-top:0;margin-bottom:0;\">\n\t\t\t\t<rs-module id=\"rev_slider_20_1\" style=\"\" data-version=\"6.6.5\">\n\t\t\t\t\t<rs-slides style=\"overflow: hidden; position: absolute;\">\n\t\t\t\t\t\t<rs-slide style=\"position: absolute;\" data-key=\"rs-53\" data-title=\"Slide\" data-anim=\"ms:1000;r:0;\" data-in=\"o:0;\" data-out=\"a:false;\">\n\t\t\t\t\t\t\t<img src=\"\/\/lostinlapland.fi\/wp-content\/plugins\/revslider\/public\/assets\/assets\/dummy.png\" alt=\"\" title=\"pexels-volker-meyer-3714137\" width=\"2560\" height=\"1152\" class=\"rev-slidebg tp-rs-img rs-lazyload\" data-lazyload=\"\/\/lostinlapland.fi\/wp-content\/uploads\/2021\/02\/pexels-volker-meyer-3714137-scaled-e1614533514238.jpg\" data-parallax=\"off\" data-no-retina>\n<!---->\t\t\t\t\t\t<\/rs-slide>\n\t\t\t\t\t<\/rs-slides>\n\t\t\t\t<\/rs-module>\n\t\t\t\t<script>\n\t\t\t\t\tsetREVStartSize({c: 'rev_slider_20_1',rl:[1240,1024,778,480],el:[320],gw:[1240],gh:[320],type:'hero',justify:'',layout:'fullwidth',mh:\"0\"});if (window.RS_MODULES!==undefined && window.RS_MODULES.modules!==undefined && window.RS_MODULES.modules[\"revslider201\"]!==undefined) {window.RS_MODULES.modules[\"revslider201\"].once = false;window.revapi20 = undefined;if (window.RS_MODULES.checkMinimal!==undefined) window.RS_MODULES.checkMinimal()}\n\t\t\t\t<\/script>\n\t\t\t<\/rs-module-wrap>\n\t\t\t<!-- END REVOLUTION SLIDER -->\n[\/vc_column][\/vc_row][vc_row css_animation=&#8221;&#8221; row_type=&#8221;row&#8221; use_row_as_full_screen_section=&#8221;no&#8221; type=&#8221;grid&#8221; angled_section=&#8221;no&#8221; text_align=&#8221;left&#8221; background_image_as_pattern=&#8221;without_pattern&#8221; css=&#8221;.vc_custom_1614945296035{margin-right: 0px !important;margin-left: 0px !important;border-right-width: 0px !important;border-left-width: 0px !important;padding-right: 0px !important;padding-left: 0px !important;background-color: #d1d1d1 !important;}&#8221; z_index=&#8221;&#8221; background_color=&#8221;#d1d1d1&#8243; border_color=&#8221;#d1d1d1&#8243;][vc_column css=&#8221;.vc_custom_1605495169706{padding-bottom: 5% !important;}&#8221;][vc_empty_space height=&#8221;200&#8243;][vc_column_text css=&#8221;.vc_custom_1616501160468{padding-right: 150px !important;padding-left: 150px !important;background-color: #d1d1d1 !important;}&#8221;]<\/p>\n<h1 style=\"text-align: center;\">Yll\u00e4s<\/h1>\n<h4 style=\"text-align: center;\">Experience the authentic atmosphere of the fells in Yll\u00e4s! Come and enjoy the breathtaking landscapes and outdoor activities of Pallas-Yll\u00e4stunturi National Park. Yll\u00e4s boasts Finland\u2019s largest network of cross-country ski trails and slopes for every preference! We offer a variety of cabin accommodations, from \u00c4k\u00e4slompolo to Yll\u00e4sj\u00e4rvi.<\/h4>\n<p>[\/vc_column_text][\/vc_column][\/vc_row][vc_row css_animation=&#8221;&#8221; row_type=&#8221;row&#8221; use_row_as_full_screen_section=&#8221;no&#8221; type=&#8221;full_width&#8221; angled_section=&#8221;no&#8221; text_align=&#8221;left&#8221; background_image_as_pattern=&#8221;without_pattern&#8221; css=&#8221;.vc_custom_1616680854403{padding-right: 40px !important;padding-left: 150px !important;background-color: #d1d1d1 !important;}&#8221; z_index=&#8221;10&#8243; background_color=&#8221;#d1d1d1&#8243; border_color=&#8221;#d1d1d1&#8243;][vc_column]<winres-departures-search  mode=\"horizontal\"  on-update=\"this.searchCriteria = searchCriteria\"  destination-codes=\"HU\"  passenger-counts=\"popup\"  limit=\"500\"  show-btn-bar=\"false\"  show-full-departures=\"true\"  date-openers=\"box\"  passengers-in-text=\"true\"  default-start-date=\"+3\"  default-end-date=\"+3\"  allow-change-end-date=\"true\"  hide-end-date-when-specified-single-type=\"AK\"  auto-select-end-date=\"+3\"  search-on-init=\"true\"  show-region-picker=\"false\"  template-url=\"custom\/template\/winresDeparturesSearchHorizontal.html\"    ><\/winres-departures-search>[vc_empty_space][\/vc_column][\/vc_row][vc_row css_animation=&#8221;&#8221; row_type=&#8221;row&#8221; use_row_as_full_screen_section=&#8221;no&#8221; type=&#8221;grid&#8221; angled_section=&#8221;no&#8221; text_align=&#8221;center&#8221; background_image_as_pattern=&#8221;without_pattern&#8221; css=&#8221;.vc_custom_1616680861524{margin-right: 80px !important;margin-left: 80px !important;border-right-width: 0px !important;border-left-width: 0px !important;padding-right: 0px !important;padding-left: 0px !important;}&#8221; z_index=&#8221;5&#8243;][vc_column][vc_empty_space height=&#8221;50px&#8221;][vc_column_text css=&#8221;.vc_custom_1621078840003{padding-right: 80px !important;padding-left: 80px !important;}&#8221;]<\/p>\n<h2 style=\"text-align: center;\">Yll\u00e4s Star<\/h2>\n<p>[\/vc_column_text][vc_empty_space height=&#8221;20px&#8221;]<winres-destinations-filter  search-criteria=\"searchCriteria\"  description-source=\"headline\"  remove-filters-by-int-clas=\"AK\"  ignore-capacity=\"true\"  ignore-missing-prices=\"true\"  reservation-link-template=\"kohde\"  hide-filter-sidebar=\"true\"  hide-results-header=\"true\"  filter-visibility=\"starRating: false\"  fast-cabin-search=\"true\"  internet-classifications2=\"YST\"  sort-options=\"default,priceLH,priceHL\"  template-url=\"\"    ><\/winres-destinations-filter>[\/vc_column][\/vc_row][vc_row css_animation=&#8221;&#8221; row_type=&#8221;row&#8221; use_row_as_full_screen_section=&#8221;no&#8221; type=&#8221;grid&#8221; angled_section=&#8221;no&#8221; text_align=&#8221;center&#8221; background_image_as_pattern=&#8221;without_pattern&#8221; css=&#8221;.vc_custom_1615910099514{margin-right: 80px !important;margin-left: 80px !important;border-right-width: 0px !important;border-left-width: 0px !important;padding-right: 0px !important;padding-left: 0px !important;}&#8221; z_index=&#8221;&#8221;][vc_column][vc_empty_space height=&#8221;50px&#8221;][vc_column_text]<\/p>\n<h2 style=\"text-align: center;\">Yll\u00e4sWeek Studio<\/h2>\n<p>[\/vc_column_text][vc_empty_space height=&#8221;20px&#8221;]<winres-destinations-filter  search-criteria=\"searchCriteria\"  description-source=\"headline\"  remove-filters-by-int-clas=\"AK\"  ignore-capacity=\"true\"  ignore-missing-prices=\"true\"  reservation-link-template=\"kohde\"  hide-filter-sidebar=\"true\"  hide-results-header=\"true\"  filter-visibility=\"starRating: false\"  fast-cabin-search=\"true\"  internet-classifications2=\"YWS\"  sort-options=\"default,priceLH,priceHL\"  template-url=\"\"    ><\/winres-destinations-filter>[\/vc_column][\/vc_row][vc_row css_animation=&#8221;&#8221; row_type=&#8221;row&#8221; use_row_as_full_screen_section=&#8221;no&#8221; type=&#8221;full_width&#8221; angled_section=&#8221;no&#8221; text_align=&#8221;left&#8221; background_image_as_pattern=&#8221;without_pattern&#8221;][vc_column][vc_empty_space][\/vc_column][\/vc_row]<\/p>\n<\/section>","protected":false},"excerpt":{"rendered":"<p>[vc_row css_animation=&#8221;&#8221; row_type=&#8221;row&#8221; use_row_as_full_screen_section=&#8221;no&#8221; type=&#8221;full_width&#8221; angled_section=&#8221;no&#8221; text_align=&#8221;left&#8221; background_image_as_pattern=&#8221;without_pattern&#8221;][vc_column css=&#8221;.vc_custom_1584323619838{margin-top: -26px !important;margin-bottom: -158px !important;}&#8221;][\/vc_column][\/vc_row][vc_row css_animation=&#8221;&#8221; row_type=&#8221;row&#8221; use_row_as_full_screen_section=&#8221;no&#8221; type=&#8221;grid&#8221; angled_section=&#8221;no&#8221; text_align=&#8221;left&#8221; background_image_as_pattern=&#8221;without_pattern&#8221; css=&#8221;.vc_custom_1614945296035{margin-right: 0px !important;margin-left: 0px !important;border-right-width: 0px !important;border-left-width: 0px !important;padding-right: 0px !important;padding-left: 0px !important;background-color: #d1d1d1 !important;}&#8221; z_index=&#8221;&#8221; background_color=&#8221;#d1d1d1&#8243; border_color=&#8221;#d1d1d1&#8243;][vc_column css=&#8221;.vc_custom_1605495169706{padding-bottom: 5% !important;}&#8221;][vc_empty_space height=&#8221;200&#8243;][vc_column_text css=&#8221;.vc_custom_1616501160468{padding-right: 150px !important;padding-left:&#8230;<\/p>\n","protected":false},"author":15,"featured_media":0,"parent":0,"menu_order":0,"comment_status":"closed","ping_status":"closed","template":"full_width.php","meta":{"_monsterinsights_skip_tracking":false,"_monsterinsights_sitenote_active":false,"_monsterinsights_sitenote_note":"","_monsterinsights_sitenote_category":0},"aioseo_notices":[],"_links":{"self":[{"href":"https:\/\/lostinlapland.fi\/en\/wp-json\/wp\/v2\/pages\/5926"}],"collection":[{"href":"https:\/\/lostinlapland.fi\/en\/wp-json\/wp\/v2\/pages"}],"about":[{"href":"https:\/\/lostinlapland.fi\/en\/wp-json\/wp\/v2\/types\/page"}],"author":[{"embeddable":true,"href":"https:\/\/lostinlapland.fi\/en\/wp-json\/wp\/v2\/users\/15"}],"replies":[{"embeddable":true,"href":"https:\/\/lostinlapland.fi\/en\/wp-json\/wp\/v2\/comments?post=5926"}],"version-history":[{"count":5,"href":"https:\/\/lostinlapland.fi\/en\/wp-json\/wp\/v2\/pages\/5926\/revisions"}],"predecessor-version":[{"id":6209,"href":"https:\/\/lostinlapland.fi\/en\/wp-json\/wp\/v2\/pages\/5926\/revisions\/6209"}],"wp:attachment":[{"href":"https:\/\/lostinlapland.fi\/en\/wp-json\/wp\/v2\/media?parent=5926"}],"curies":[{"name":"wp","href":"https:\/\/api.w.org\/{rel}","templated":true}]}}